{"id":8935,"date":"2026-03-18T16:20:44","date_gmt":"2026-03-18T16:20:44","guid":{"rendered":"https:\/\/boshnjakovski.com\/diaspora-matters\/"},"modified":"2026-04-12T15:51:16","modified_gmt":"2026-04-12T15:51:16","slug":"diaspora-nordmazedonien-anwalt","status":"publish","type":"page","link":"https:\/\/boshnjakovski.com\/de\/diaspora-nordmazedonien-anwalt\/","title":{"rendered":"Diaspora-Angelegenheiten"},"content":{"rendered":"","protected":false},"excerpt":{"rendered":"","protected":false},"author":1,"featured_media":0,"parent":0,"menu_order":0,"comment_status":"closed","ping_status":"closed","template":"","meta":{"footnotes":""},"class_list":["post-8935","page","type-page","status-publish","hentry"],"yoast_head":"<!-- This site is optimized with the Yoast SEO plugin v27.4 - https:\/\/yoast.com\/product\/yoast-seo-wordpress\/ -->\n<title>Anwalt Nordmazedonien \u2013 Diaspora, Staatsb\u00fcrgerschaft &amp; Erbrecht<\/title>\n<meta name=\"description\" content=\"Rechtsberatung f\u00fcr die Diaspora in Skopje. Unterst\u00fctzung bei Staatsb\u00fcrgerschaft, Erbschaft und Immobilien in Nordmazedonien.\" \/>\n<meta name=\"robots\" content=\"index, follow, max-snippet:-1, max-image-preview:large, max-video-preview:-1\" \/>\n<link rel=\"canonical\" href=\"https:\/\/boshnjakovski.com\/de\/diaspora-nordmazedonien-anwalt\/\" \/>\n<meta property=\"og:locale\" content=\"de_DE\" \/>\n<meta property=\"og:type\" content=\"article\" \/>\n<meta property=\"og:title\" content=\"Anwalt Nordmazedonien \u2013 Diaspora, Staatsb\u00fcrgerschaft &amp; Erbrecht\" \/>\n<meta property=\"og:description\" content=\"Rechtsberatung f\u00fcr die Diaspora in Skopje. Unterst\u00fctzung bei Staatsb\u00fcrgerschaft, Erbschaft und Immobilien in Nordmazedonien.\" \/>\n<meta property=\"og:url\" content=\"https:\/\/boshnjakovski.com\/de\/diaspora-nordmazedonien-anwalt\/\" \/>\n<meta property=\"og:site_name\" content=\"Anwaltskanzlei Boshnjakovski\" \/>\n<meta property=\"article:modified_time\" content=\"2026-04-12T15:51:16+00:00\" \/>\n<meta name=\"twitter:card\" content=\"summary_large_image\" \/>\n<meta name=\"twitter:label1\" content=\"Gesch\u00e4tzte Lesezeit\" \/>\n\t<meta name=\"twitter:data1\" content=\"4\u00a0Minuten\" \/>\n<script type=\"application\/ld+json\" class=\"yoast-schema-graph\">{\"@context\":\"https:\\\/\\\/schema.org\",\"@graph\":[{\"@type\":\"WebPage\",\"@id\":\"https:\\\/\\\/boshnjakovski.com\\\/de\\\/diaspora-nordmazedonien-anwalt\\\/\",\"url\":\"https:\\\/\\\/boshnjakovski.com\\\/de\\\/diaspora-nordmazedonien-anwalt\\\/\",\"name\":\"Anwalt Nordmazedonien \u2013 Diaspora, Staatsb\u00fcrgerschaft & Erbrecht\",\"isPartOf\":{\"@id\":\"https:\\\/\\\/boshnjakovski.com\\\/#website\"},\"datePublished\":\"2026-03-18T16:20:44+00:00\",\"dateModified\":\"2026-04-12T15:51:16+00:00\",\"description\":\"Rechtsberatung f\u00fcr die Diaspora in Skopje. Unterst\u00fctzung bei Staatsb\u00fcrgerschaft, Erbschaft und Immobilien in Nordmazedonien.\",\"breadcrumb\":{\"@id\":\"https:\\\/\\\/boshnjakovski.com\\\/de\\\/diaspora-nordmazedonien-anwalt\\\/#breadcrumb\"},\"inLanguage\":\"de\",\"potentialAction\":[{\"@type\":\"ReadAction\",\"target\":[\"https:\\\/\\\/boshnjakovski.com\\\/de\\\/diaspora-nordmazedonien-anwalt\\\/\"]}]},{\"@type\":\"BreadcrumbList\",\"@id\":\"https:\\\/\\\/boshnjakovski.com\\\/de\\\/diaspora-nordmazedonien-anwalt\\\/#breadcrumb\",\"itemListElement\":[{\"@type\":\"ListItem\",\"position\":1,\"name\":\"Home\",\"item\":\"https:\\\/\\\/boshnjakovski.com\\\/de\\\/\"},{\"@type\":\"ListItem\",\"position\":2,\"name\":\"Diaspora-Angelegenheiten\"}]},{\"@type\":\"WebSite\",\"@id\":\"https:\\\/\\\/boshnjakovski.com\\\/#website\",\"url\":\"https:\\\/\\\/boshnjakovski.com\\\/\",\"name\":\"Anwaltskanzlei Boshnjakovski\",\"description\":\"Ihr Anwalt in der Republik Nordmazedonien.\",\"potentialAction\":[{\"@type\":\"SearchAction\",\"target\":{\"@type\":\"EntryPoint\",\"urlTemplate\":\"https:\\\/\\\/boshnjakovski.com\\\/?s={search_term_string}\"},\"query-input\":{\"@type\":\"PropertyValueSpecification\",\"valueRequired\":true,\"valueName\":\"search_term_string\"}}],\"inLanguage\":\"de\"}]}<\/script>\n<!-- \/ Yoast SEO plugin. -->","yoast_head_json":{"title":"Anwalt Nordmazedonien \u2013 Diaspora, Staatsb\u00fcrgerschaft & Erbrecht","description":"Rechtsberatung f\u00fcr die Diaspora in Skopje. Unterst\u00fctzung bei Staatsb\u00fcrgerschaft, Erbschaft und Immobilien in Nordmazedonien.","robots":{"index":"index","follow":"follow","max-snippet":"max-snippet:-1","max-image-preview":"max-image-preview:large","max-video-preview":"max-video-preview:-1"},"canonical":"https:\/\/boshnjakovski.com\/de\/diaspora-nordmazedonien-anwalt\/","og_locale":"de_DE","og_type":"article","og_title":"Anwalt Nordmazedonien \u2013 Diaspora, Staatsb\u00fcrgerschaft & Erbrecht","og_description":"Rechtsberatung f\u00fcr die Diaspora in Skopje. Unterst\u00fctzung bei Staatsb\u00fcrgerschaft, Erbschaft und Immobilien in Nordmazedonien.","og_url":"https:\/\/boshnjakovski.com\/de\/diaspora-nordmazedonien-anwalt\/","og_site_name":"Anwaltskanzlei Boshnjakovski","article_modified_time":"2026-04-12T15:51:16+00:00","twitter_card":"summary_large_image","twitter_misc":{"Gesch\u00e4tzte Lesezeit":"4\u00a0Minuten"},"schema":{"@context":"https:\/\/schema.org","@graph":[{"@type":"WebPage","@id":"https:\/\/boshnjakovski.com\/de\/diaspora-nordmazedonien-anwalt\/","url":"https:\/\/boshnjakovski.com\/de\/diaspora-nordmazedonien-anwalt\/","name":"Anwalt Nordmazedonien \u2013 Diaspora, Staatsb\u00fcrgerschaft & Erbrecht","isPartOf":{"@id":"https:\/\/boshnjakovski.com\/#website"},"datePublished":"2026-03-18T16:20:44+00:00","dateModified":"2026-04-12T15:51:16+00:00","description":"Rechtsberatung f\u00fcr die Diaspora in Skopje. Unterst\u00fctzung bei Staatsb\u00fcrgerschaft, Erbschaft und Immobilien in Nordmazedonien.","breadcrumb":{"@id":"https:\/\/boshnjakovski.com\/de\/diaspora-nordmazedonien-anwalt\/#breadcrumb"},"inLanguage":"de","potentialAction":[{"@type":"ReadAction","target":["https:\/\/boshnjakovski.com\/de\/diaspora-nordmazedonien-anwalt\/"]}]},{"@type":"BreadcrumbList","@id":"https:\/\/boshnjakovski.com\/de\/diaspora-nordmazedonien-anwalt\/#breadcrumb","itemListElement":[{"@type":"ListItem","position":1,"name":"Home","item":"https:\/\/boshnjakovski.com\/de\/"},{"@type":"ListItem","position":2,"name":"Diaspora-Angelegenheiten"}]},{"@type":"WebSite","@id":"https:\/\/boshnjakovski.com\/#website","url":"https:\/\/boshnjakovski.com\/","name":"Anwaltskanzlei Boshnjakovski","description":"Ihr Anwalt in der Republik Nordmazedonien.","potentialAction":[{"@type":"SearchAction","target":{"@type":"EntryPoint","urlTemplate":"https:\/\/boshnjakovski.com\/?s={search_term_string}"},"query-input":{"@type":"PropertyValueSpecification","valueRequired":true,"valueName":"search_term_string"}}],"inLanguage":"de"}]}},"_links":{"self":[{"href":"https:\/\/boshnjakovski.com\/de\/wp-json\/wp\/v2\/pages\/8935","targetHints":{"allow":["GET"]}}],"collection":[{"href":"https:\/\/boshnjakovski.com\/de\/wp-json\/wp\/v2\/pages"}],"about":[{"href":"https:\/\/boshnjakovski.com\/de\/wp-json\/wp\/v2\/types\/page"}],"author":[{"embeddable":true,"href":"https:\/\/boshnjakovski.com\/de\/wp-json\/wp\/v2\/users\/1"}],"replies":[{"embeddable":true,"href":"https:\/\/boshnjakovski.com\/de\/wp-json\/wp\/v2\/comments?post=8935"}],"version-history":[{"count":5,"href":"https:\/\/boshnjakovski.com\/de\/wp-json\/wp\/v2\/pages\/8935\/revisions"}],"predecessor-version":[{"id":11159,"href":"https:\/\/boshnjakovski.com\/de\/wp-json\/wp\/v2\/pages\/8935\/revisions\/11159"}],"wp:attachment":[{"href":"https:\/\/boshnjakovski.com\/de\/wp-json\/wp\/v2\/media?parent=8935"}],"curies":[{"name":"wp","href":"https:\/\/api.w.org\/{rel}","templated":true}]}}